{"id":145,"date":"2020-04-09T15:51:04","date_gmt":"2020-04-09T15:51:04","guid":{"rendered":"http:\/\/www.sindenovalima.com.br\/?page_id=145"},"modified":"2021-05-12T03:52:24","modified_gmt":"2021-05-12T03:52:24","slug":"atendimentos-suspensos","status":"publish","type":"page","link":"http:\/\/www.sindenovalima.com.br\/?page_id=145","title":{"rendered":"Atendimentos Suspensos"},"content":{"rendered":"\n<p>Em raz\u00e3o da pandemia do COVID-19 que estamos enfrentando, por medida de seguran\u00e7a, est\u00e3o suspensos os atendimentos presenciais no sindicato, por tempo indeterminado.<\/p>\n\n\n\n<p>O atendimento aos trabalhadores e empresas ser\u00e3o realizados virtualmente por e-mail ou atrav\u00e9s do nosso chat.<\/p>\n\n\n\n<p>Para entrar em contato:<br>Departamento Jur\u00eddico<br>Dr. Carlos Magno: juridico@trabalhadoresdasaude.com.br<br>Dra. Thais: thaisconsole@gmail.com<br>Dra. Caroline: carol@trabalhadoresdasaude.com.br<\/p>\n\n\n\n<p>As medidas visam a seguran\u00e7a de todos e faremos o poss\u00edvel para atender as demandas.<\/p>\n\n\n\n<p><strong>UTILIZE O FORMUL\u00c1RIO ABAIXO PARA ENCAMINHAR O SEU PEDIDO<\/strong><\/p>\n\n\n\n<p>Agradecemos a compreens\u00e3o de todos.<\/p>\n\n\n\n<p>Sauda\u00e7\u00f5es Sindicais<\/p>\n\n\n\n<p>Maria Perp\u00e9tua Tadeu<br>Presidente<\/p>\n\n\n\n<div class=\"wpforms-container wpforms-container-full\" id=\"wpforms-147\"><form id=\"wpforms-form-147\" class=\"wpforms-validate wpforms-form\" data-formid=\"147\" method=\"post\" enctype=\"multipart\/form-data\" action=\"\/index.php?rest_route=%2Fwp%2Fv2%2Fpages%2F145\" data-token=\"78aa1abd68d3a048895a2e125d0c72c5\" data-token-time=\"1777010890\"><noscript class=\"wpforms-error-noscript\">Ative o JavaScript no seu navegador para preencher este formul\u00e1rio.<\/noscript><div class=\"wpforms-field-container\"><div id=\"wpforms-147-field_0-container\" class=\"wpforms-field wpforms-field-name\" data-field-id=\"0\"><label class=\"wpforms-field-label\" for=\"wpforms-147-field_0\">Nome <span class=\"wpforms-required-label\">*<\/span><\/label><input type=\"text\" id=\"wpforms-147-field_0\" class=\"wpforms-field-medium wpforms-field-required\" name=\"wpforms[fields][0]\" required><\/div><div id=\"wpforms-147-field_3-container\" class=\"wpforms-field wpforms-field-text\" data-field-id=\"3\"><label class=\"wpforms-field-label\" for=\"wpforms-147-field_3\">Telefone para contato<\/label><input type=\"text\" id=\"wpforms-147-field_3\" class=\"wpforms-field-medium\" name=\"wpforms[fields][3]\" ><\/div><div id=\"wpforms-147-field_1-container\" class=\"wpforms-field wpforms-field-email\" data-field-id=\"1\"><label class=\"wpforms-field-label\" for=\"wpforms-147-field_1\">E-mail <span class=\"wpforms-required-label\">*<\/span><\/label><input type=\"email\" id=\"wpforms-147-field_1\" class=\"wpforms-field-medium wpforms-field-required\" name=\"wpforms[fields][1]\" spellcheck=\"false\" required><div class=\"wpforms-field-description\">Deixe seu e-mail para resposta<\/div><\/div><div id=\"wpforms-147-field_5-container\" class=\"wpforms-field wpforms-field-text\" data-field-id=\"5\"><label class=\"wpforms-field-label\" for=\"wpforms-147-field_5\">Assunto<\/label><input type=\"text\" id=\"wpforms-147-field_5\" class=\"wpforms-field-medium\" name=\"wpforms[fields][5]\" ><\/div><div id=\"wpforms-147-field_2-container\" class=\"wpforms-field wpforms-field-textarea\" data-field-id=\"2\"><label class=\"wpforms-field-label\" for=\"wpforms-147-field_2\">Informe os dados <span class=\"wpforms-required-label\">*<\/span><\/label><textarea id=\"wpforms-147-field_2\" class=\"wpforms-field-medium wpforms-field-required\" name=\"wpforms[fields][2]\" required><\/textarea><div class=\"wpforms-field-description\">Informe a lista de trabalhadores que ser\u00e3o afetados e por quantos meses ser\u00e1 adotada a medida<\/div><\/div><\/div><!-- .wpforms-field-container --><div class=\"wpforms-field wpforms-field-hp\"><label for=\"wpforms-147-field-hp\" class=\"wpforms-field-label\">Phone<\/label><input type=\"text\" name=\"wpforms[hp]\" id=\"wpforms-147-field-hp\" class=\"wpforms-field-medium\"><\/div><div class=\"wpforms-recaptcha-container wpforms-is-recaptcha wpforms-is-recaptcha-type-v2\" ><div class=\"g-recaptcha\" data-sitekey=\"6LdQZWgaAAAAAPFGve0UHAsnI-sMlv8ORBR2PzP6\"><\/div><input type=\"text\" name=\"g-recaptcha-hidden\" class=\"wpforms-recaptcha-hidden\" style=\"position:absolute!important;clip:rect(0,0,0,0)!important;height:1px!important;width:1px!important;border:0!important;overflow:hidden!important;padding:0!important;margin:0!important;\" data-rule-recaptcha=\"1\"><\/div><div class=\"wpforms-submit-container\" ><input type=\"hidden\" name=\"wpforms[id]\" value=\"147\"><input type=\"hidden\" name=\"page_title\" value=\"\"><input type=\"hidden\" name=\"page_url\" value=\"http:\/\/www.sindenovalima.com.br\/index.php?rest_route=\/wp\/v2\/pages\/145\"><input type=\"hidden\" name=\"url_referer\" value=\"\"><button type=\"submit\" name=\"wpforms[submit]\" id=\"wpforms-submit-147\" class=\"wpforms-submit\" data-alt-text=\"Enviando...\" data-submit-text=\"Enviar\" aria-live=\"assertive\" value=\"wpforms-submit\">Enviar<\/button><\/div><\/form><\/div>  <!-- .wpforms-container -->\n\n\n\n\n","protected":false},"excerpt":{"rendered":"<p>Em raz\u00e3o da pandemia do COVID-19 que estamos enfrentando, por medida de seguran\u00e7a, est\u00e3o suspensos os atendimentos presenciais no sindicato, por tempo indeterminado. O atendimento aos trabalhadores e empresas ser\u00e3o realizados virtualmente por e-mail ou atrav\u00e9s do nosso chat. Para entrar em contato:Departamento Jur\u00eddicoDr. Carlos Magno: juridico@trabalhadoresdasaude.com.brDra. Thais: thaisconsole@gmail.comDra. Caroline: carol@trabalhadoresdasaude.com.br As medidas visam a [&hellip;]<\/p>\n","protected":false},"author":1,"featured_media":0,"parent":22,"menu_order":0,"comment_status":"closed","ping_status":"closed","template":"","meta":{"_s2mail":"yes","footnotes":""},"class_list":["post-145","page","type-page","status-publish","czr-hentry"],"_links":{"self":[{"href":"http:\/\/www.sindenovalima.com.br\/index.php?rest_route=\/wp\/v2\/pages\/145","targetHints":{"allow":["GET"]}}],"collection":[{"href":"http:\/\/www.sindenovalima.com.br\/index.php?rest_route=\/wp\/v2\/pages"}],"about":[{"href":"http:\/\/www.sindenovalima.com.br\/index.php?rest_route=\/wp\/v2\/types\/page"}],"author":[{"embeddable":true,"href":"http:\/\/www.sindenovalima.com.br\/index.php?rest_route=\/wp\/v2\/users\/1"}],"replies":[{"embeddable":true,"href":"http:\/\/www.sindenovalima.com.br\/index.php?rest_route=%2Fwp%2Fv2%2Fcomments&post=145"}],"version-history":[{"count":4,"href":"http:\/\/www.sindenovalima.com.br\/index.php?rest_route=\/wp\/v2\/pages\/145\/revisions"}],"predecessor-version":[{"id":158,"href":"http:\/\/www.sindenovalima.com.br\/index.php?rest_route=\/wp\/v2\/pages\/145\/revisions\/158"}],"up":[{"embeddable":true,"href":"http:\/\/www.sindenovalima.com.br\/index.php?rest_route=\/wp\/v2\/pages\/22"}],"wp:attachment":[{"href":"http:\/\/www.sindenovalima.com.br\/index.php?rest_route=%2Fwp%2Fv2%2Fmedia&parent=145"}],"curies":[{"name":"wp","href":"https:\/\/api.w.org\/{rel}","templated":true}]}}