{"id":160,"date":"2021-05-12T03:48:53","date_gmt":"2021-05-12T03:48:53","guid":{"rendered":"http:\/\/www.sindenovalima.com.br\/?page_id=160"},"modified":"2024-10-28T14:49:11","modified_gmt":"2024-10-28T14:49:11","slug":"envio-de-documentos","status":"publish","type":"page","link":"http:\/\/www.sindenovalima.com.br\/?page_id=160","title":{"rendered":"Envio de Documentos"},"content":{"rendered":"\n<p id=\"block-9c3c4856-6079-4172-a347-455ffae37950\">Aten\u00e7\u00e3o<\/p>\n\n\n\n<p id=\"block-9c3c4856-6079-4172-a347-455ffae37950\">Para a entrega de documentos e homologa\u00e7\u00e3o de rescis\u00e3o de contrato de trabalho, \u00e9 necess\u00e1rio realizar o agendamento pr\u00e9vio pelo telefone ou WhatsApp: (31) 97333-7775.<\/p>\n\n\n\n<p id=\"block-ca06a21d-c6c2-4515-89c0-2ba22cfddb38\"><\/p>\n\n\n\n\n","protected":false},"excerpt":{"rendered":"<p>Aten\u00e7\u00e3o Para a entrega de documentos e homologa\u00e7\u00e3o de rescis\u00e3o de contrato de trabalho, \u00e9 necess\u00e1rio realizar o agendamento pr\u00e9vio pelo telefone ou WhatsApp: (31) 97333-7775.<\/p>\n","protected":false},"author":1,"featured_media":0,"parent":0,"menu_order":0,"comment_status":"closed","ping_status":"closed","template":"","meta":{"_s2mail":"yes","footnotes":""},"class_list":["post-160","page","type-page","status-publish","czr-hentry"],"_links":{"self":[{"href":"http:\/\/www.sindenovalima.com.br\/index.php?rest_route=\/wp\/v2\/pages\/160","targetHints":{"allow":["GET"]}}],"collection":[{"href":"http:\/\/www.sindenovalima.com.br\/index.php?rest_route=\/wp\/v2\/pages"}],"about":[{"href":"http:\/\/www.sindenovalima.com.br\/index.php?rest_route=\/wp\/v2\/types\/page"}],"author":[{"embeddable":true,"href":"http:\/\/www.sindenovalima.com.br\/index.php?rest_route=\/wp\/v2\/users\/1"}],"replies":[{"embeddable":true,"href":"http:\/\/www.sindenovalima.com.br\/index.php?rest_route=%2Fwp%2Fv2%2Fcomments&post=160"}],"version-history":[{"count":4,"href":"http:\/\/www.sindenovalima.com.br\/index.php?rest_route=\/wp\/v2\/pages\/160\/revisions"}],"predecessor-version":[{"id":280,"href":"http:\/\/www.sindenovalima.com.br\/index.php?rest_route=\/wp\/v2\/pages\/160\/revisions\/280"}],"wp:attachment":[{"href":"http:\/\/www.sindenovalima.com.br\/index.php?rest_route=%2Fwp%2Fv2%2Fmedia&parent=160"}],"curies":[{"name":"wp","href":"https:\/\/api.w.org\/{rel}","templated":true}]}}